{"id":3443,"date":"2017-10-02T19:52:34","date_gmt":"2017-10-02T19:52:34","guid":{"rendered":"http:\/\/www.hvbsac.nl\/wordp\/?page_id=3443"},"modified":"2026-04-20T07:05:46","modified_gmt":"2026-04-20T07:05:46","slug":"lid-worden","status":"publish","type":"page","link":"https:\/\/www.hvbsac.nl\/index.php\/lid-worden\/","title":{"rendered":"Lid worden"},"content":{"rendered":"<div id='layer_slider_1' class='avia-layerslider main_color avia-shadow  container_wrap sidebar_right'    style='height: 301px;' ><\/div>\n<section class=\"av_textblock_section \"  itemscope=\"itemscope\" itemtype=\"https:\/\/schema.org\/CreativeWork\" ><div class='avia_textblock  '   itemprop=\"text\" ><h1><strong>Van harte welkom bij HV BSAC<\/strong><\/h1>\n<h4><span data-contrast=\"auto\">de handbalclub van Maasbree die al meer dan 60 jaar bestaat. <\/span><span data-ccp-props=\"{\">\u00a0<\/span><\/h4>\n<p><span data-contrast=\"auto\"><br \/>\nHV BSAC wil al haar leden met plezier laten handballen op hun eigen niveau. Sport en plezier gaan hand in hand. Dit begint bij de jeugdleden, die we begeleiden en opleiden tot volwaardige handballers.\u00a0<\/span><span data-ccp-props=\"{\">\u00a0<\/span><span data-ccp-props=\"{\">\u00a0<\/span><\/p>\n<p><span data-contrast=\"auto\">HV BSAC heeft teams in bijna alle leeftijdsklassen, vanaf de f-jeugd tot senioren en recreanten \/ veteranen. We vinden betrokkenheid bij de vereniging door spelers en de ouders van de jeugdspelers belangrijk, vandaar dat we je op deze pagina graag informeren over de gang van zaken bij HV BSAC alsmede de organisatie van de vereniging.<\/span><span data-ccp-props=\"{\">\u00a0<\/span><\/p>\n<h3><strong>Lid Worden?<\/strong><\/h3>\n<p>Heb jij al vier keer gratis meegetraind en ontdekt dat handballen helemaal jouw ding is? Wanneer je lid wil worden van HV BSAC, vul je het inschrijfformulier in via de <a href=\"https:\/\/forms.gle\/CzNzWokFGeXow1Gd7\">aanmeldlink<\/a> onderaan deze pagina. Bij een nieuw lidmaatschap is het tevens verplicht om een automatische machtiging af te geven aan handbalvereniging HV BSAC zodat de halfjaarlijkse contributie ge\u00efnd kan worden. Daarnaast moet moet bij een nieuwe inschrijving, ook een pasfoto ge\u00fcpload worden. Deze is nodig voor het aanvragen van de spelerspas bij de NHV.<\/p>\n<div class='avia-button-wrap avia-button-left '><a href='https:\/\/forms.gle\/CzNzWokFGeXow1Gd7' class='avia-button   avia-icon_select-yes-left-icon avia-color-theme-color avia-size-small avia-position-left '  target=\"_blank\"   ><span class='avia_button_icon avia_button_icon_left ' aria-hidden='true' data-av_icon='\ue80c' data-av_iconfont='entypo-fontello'><\/span><span class='avia_iconbox_title' >Lid worden<\/span><\/a><\/div>\n<h3><strong><br \/>\nContributie<\/strong><\/h3>\n<p>De hoogte van de contributie inclusief bijdrage kledingfonds worden jaarlijks door de ALV (Algemene Ledenvergadering) vastgesteld. De contributie is bij vooruitbetaling in twee termijnen verschuldigd. De verschuldigde contributie wordt via een automatische incasso op of nabij onderstaande datums ge\u00efnd.\u00a0 Indien het lidmaatschap tussentijds wordt be\u00ebindigd vindt geen restitutie plaats.<\/p>\n<p>Het verenigingsjaar loopt van 1 juli t\/m 30 juni. De contributie voor het eerste halfjaar van het verenigingsjaar moet v\u00f3\u00f3r 15 juni betaald zijn. De contributie voor het tweede halfjaar van het verenigingsjaar moet v\u00f3\u00f3r 15 januari betaald zijn. Voor trage betalers is een sanctiebeleid vastgesteld: Betaling binnen 14 dagen; Na 15 juni c.q. 15 januari een aanmaning zonder opslag; Na 1 juli c.q. 1 februari een aanmaning plus \u20ac10 opslag; Bij contributieachterstand bestaat de mogelijkheid tot tijdelijke schorsing totdat de contributie is voldaan; Bij achterstand per 15 mei wordt het lid niet bij de bond aangemeld, voordat de achterstand inclusief \u20ac10 opslag en \u20ac10 administratiekosten is voldaan. (Hij\/zij is dus niet speelgerechtigd in het volgende seizoen.) Steunende leden betalen een minimale contributie per jaar.<\/p>\n<h3>Wat verwachten wij van u of uw kind?<\/h3>\n<p><span data-contrast=\"auto\">Van alle spelers verwachten wij de aanwezigheid en sportieve inzet bij de trainingen en wedstrijden. Handbal is een teamsport, dit vraagt om een teamspirit en verantwoordelijkheid. Het kan natuurlijk een keer voorkomen dat een speler niet kan deelnemen aan een training of wedstrijd maar dat dient altijd vooraf te worden gemeld bij trainer (in geval van afwezigheid bij een training) en ook bij de coach (bij afwezigheid bij een wedstrijd). Liefst niet op de dag zelf uiteraard!\u00a0<\/span><span data-ccp-props=\"{\">\u00a0<\/span><\/p>\n<p><span data-contrast=\"auto\">Van spelende leden en ouders van jeugdleden verwachten we een bijdrage aan het rijden naar wedstrijden, klaarzetten van de speelvelden en wassen van shirts volgens de schema\u00b4s door de teamcontactpersoon opgesteld.\u00a0<\/span><span data-ccp-props=\"{\">\u00a0<\/span><\/p>\n<h3><strong>\u00a0Vrijwilligers inzet\u00a0<\/strong><\/h3>\n<p><span data-contrast=\"auto\">Een groot aantal van deze leden is ook als vaste vrijwilliger actief binnen de club. Zij dragen op een positieve manier bij aan vrijwilligerstaken die de positie van HV BSAC verstevigen. Dit kan op vele manieren; het fluiten van wedstrijden, het trainen\/coachen van teams, het bijdragen aan inzamelingsacties, deelname aan een van de diverse commissies etc..<\/span><span data-ccp-props=\"{\">\u00a0<\/span><\/p>\n<p><span data-ccp-props=\"{\">\u00a0<\/span><span data-contrast=\"auto\">Daarnaast zijn vrijwilligerstaken onderdeel van het lid worden van de club.\u00a0 Als club zijn wij grotendeels afhankelijk van de opbrengsten uit de inzet van onze vrijwilligers. Hierbij geldt dat vele handen licht werk maken. We willen je er dan ook op attenderen dat het uitvoeren van\u00a0 vrijwilligers taken binnen de club voor alle leden, en ouders van jeugdleden, onderdeel uitmaakt van het lidmaatschap. Communicatie hieromtrent ontvangt u via de teamcontactpersoon.\u00a0<\/span><span data-ccp-props=\"{\">\u00a0<\/span><span data-ccp-props=\"{\">\u00a0<\/span><\/p>\n<h3>Privacy beleid<\/h3>\n<p><span data-contrast=\"auto\">In het kader van de Algemene Verordening Gegevensbescherming (AVG) hanteert de vereniging een strikt privacy beleid met betrekking tot de geregistreerde\u00a0 persoonsgegevens van haar leden. De inhoud van dit beleid is op de website van de vereniging terug te vinden onder het kopje \u201cContact \/ Privacyverklaring\u201d.<\/span><span data-ccp-props=\"{\">\u00a0<\/span><\/p>\n<h3><strong>Het lidmaatschap opzeggen<\/strong><\/h3>\n<p>Het lidmaatschap loopt tot 1 juli en wordt telkens stilzwijgend met een jaar verlengd. Opzeggen kan uitsluitend schriftelijk, aan het einde van elk verenigingsjaar. De opzegging moet uiterlijk 15 mei binnen zijn anders wordt uw lidmaatschap automatisch verlengd en bent u de volledige contributie voor het komende verenigingsjaar verschuldigd. Hierop worden geen uitzonderingen gemaakt. Opzegging onder voorbehoud is niet mogelijk. U ontvangt van ons een bevestiging na schriftelijke opzegging. We zullen ons strikt aan de opzegdatum houden.<\/p>\n<p><a href=\"https:\/\/forms.gle\/xVjDzze1L8t4bgMS6\" target=\"_blank\" rel=\"noopener\"><img loading=\"lazy\" decoding=\"async\" class=\"alignnone wp-image-5627 aligncenter\" src=\"http:\/\/www.hvbsac.nl\/wp-content\/uploads\/aanmeldform-272x300.png\" alt=\"\" width=\"332\" height=\"366\" srcset=\"https:\/\/www.hvbsac.nl\/wp-content\/uploads\/aanmeldform-272x300.png 272w, https:\/\/www.hvbsac.nl\/wp-content\/uploads\/aanmeldform-450x497.png 450w, https:\/\/www.hvbsac.nl\/wp-content\/uploads\/aanmeldform.png 488w\" sizes=\"auto, (max-width: 332px) 100vw, 332px\" \/><\/a><\/p>\n<p style=\"text-align: center;\"><strong><span style=\"color: #ff0000;\"><a style=\"color: #ff0000;\" href=\"https:\/\/forms.gle\/CzNzWokFGeXow1Gd7\" target=\"_blank\" rel=\"noopener\">AANMELDFORMULIER NIEUW LID HV BSAC<\/a><\/span><\/strong><\/p>\n<h4><\/h4>\n<h4>Contactgegevens<\/h4>\n<p>Met vragen over de over de contributie(afhandeling), in- en\/of uitschrijvingen kunt u via het e-mail adres ledenadministratie@hvbsac.nl terecht bij de ledenadministrateur.<\/p>\n<p>HV BSAC<br \/>\nLedenadministratie<br \/>\nWesteringlaan 23<br \/>\n5993 CD Maasbree<\/p>\n<\/div><\/section>\n","protected":false},"excerpt":{"rendered":"","protected":false},"author":3368,"featured_media":0,"parent":0,"menu_order":0,"comment_status":"closed","ping_status":"closed","template":"","meta":{"footnotes":""},"class_list":["post-3443","page","type-page","status-publish","hentry"],"_links":{"self":[{"href":"https:\/\/www.hvbsac.nl\/index.php\/wp-json\/wp\/v2\/pages\/3443","targetHints":{"allow":["GET"]}}],"collection":[{"href":"https:\/\/www.hvbsac.nl\/index.php\/wp-json\/wp\/v2\/pages"}],"about":[{"href":"https:\/\/www.hvbsac.nl\/index.php\/wp-json\/wp\/v2\/types\/page"}],"author":[{"embeddable":true,"href":"https:\/\/www.hvbsac.nl\/index.php\/wp-json\/wp\/v2\/users\/3368"}],"replies":[{"embeddable":true,"href":"https:\/\/www.hvbsac.nl\/index.php\/wp-json\/wp\/v2\/comments?post=3443"}],"version-history":[{"count":45,"href":"https:\/\/www.hvbsac.nl\/index.php\/wp-json\/wp\/v2\/pages\/3443\/revisions"}],"predecessor-version":[{"id":6458,"href":"https:\/\/www.hvbsac.nl\/index.php\/wp-json\/wp\/v2\/pages\/3443\/revisions\/6458"}],"wp:attachment":[{"href":"https:\/\/www.hvbsac.nl\/index.php\/wp-json\/wp\/v2\/media?parent=3443"}],"curies":[{"name":"wp","href":"https:\/\/api.w.org\/{rel}","templated":true}]}}